{"id":1171,"date":"2018-03-30T09:10:01","date_gmt":"2018-03-30T07:10:01","guid":{"rendered":"http:\/\/www.escapegamevannes.fr\/index.php\/produit\/reservation-salle-2\/"},"modified":"2019-02-06T14:31:57","modified_gmt":"2019-02-06T13:31:57","slug":"reservation-salle-2","status":"publish","type":"product","link":"https:\/\/www.escapegamevannes.fr\/index.php\/produit\/reservation-salle-2\/","title":{"rendered":"R\u00e9servation salle 2"},"content":{"rendered":"<p style=\"text-align: center;\">D\u00e9couvrez notre univers, et tentez de r\u00e9soudre les \u00e9nigmes qui vous permettront de vous \u00e9vader. Esprit d&rsquo;\u00e9quipe, logique, et sang-froid seront les clefs de votre r\u00e9ussite ! Le jeu n\u00e9cessitera de la part de chacun une r\u00e9flexion individuelle et collective. Un game master est attitr\u00e9 \u00e0 l&rsquo;\u00e9quipe afin de lui permettre de vivre une exp\u00e9rience originale et enrichissante.<br \/>\nLe nombre conseill\u00e9 de joueurs est de 3 \u00e0\u00a06 personnes, mais possibilit\u00e9 de faire une \u00e9quipe de 2 joueurs avertis.<\/p>\n","protected":false},"excerpt":{"rendered":"<p><span style=\"color: #ffffff;\">Le tarif est pour une session de jeu de 3 \u00e0 6 joueurs.<\/span><br \/>\n<span style=\"color: #ffffff;\"> <strong>Ne soyez ni en avance, ni en retard, mais pile \u00e0 l\u2019heure !<\/strong><\/span><br \/>\n<span style=\"color: #ffffff;\"> Pour une r\u00e9servation de derni\u00e8re minute ou autres demandes sp\u00e9ciales, contactez le \u00a002.97.61.98.57 ou envoyez un <a style=\"color: #ffffff;\" href=\"mailto:escapegamevannes@gmail.com\">escapegamevannes@gmail.com<\/a><br \/>\n<\/span><\/p>\n","protected":false},"featured_media":35,"comment_status":"closed","ping_status":"closed","template":"","meta":[],"_links":{"self":[{"href":"https:\/\/www.escapegamevannes.fr\/index.php\/wp-json\/wp\/v2\/product\/1171"}],"collection":[{"href":"https:\/\/www.escapegamevannes.fr\/index.php\/wp-json\/wp\/v2\/product"}],"about":[{"href":"https:\/\/www.escapegamevannes.fr\/index.php\/wp-json\/wp\/v2\/types\/product"}],"replies":[{"embeddable":true,"href":"https:\/\/www.escapegamevannes.fr\/index.php\/wp-json\/wp\/v2\/comments?post=1171"}],"wp:featuredmedia":[{"embeddable":true,"href":"https:\/\/www.escapegamevannes.fr\/index.php\/wp-json\/wp\/v2\/media\/35"}],"wp:attachment":[{"href":"https:\/\/www.escapegamevannes.fr\/index.php\/wp-json\/wp\/v2\/media?parent=1171"}],"curies":[{"name":"wp","href":"https:\/\/api.w.org\/{rel}","templated":true}]}}